{"id":3,"date":"2024-06-22T13:01:38","date_gmt":"2024-06-22T11:01:38","guid":{"rendered":"http:\/\/chauffage-technique.fr\/?page_id=3"},"modified":"2024-07-04T14:44:37","modified_gmt":"2024-07-04T12:44:37","slug":"politique-de-confidentialite","status":"publish","type":"page","link":"https:\/\/chauffage-technique.fr\/index.php\/politique-de-confidentialite\/","title":{"rendered":"Politique de confidentialit\u00e9"},"content":{"rendered":"\t\t<div data-elementor-type=\"wp-page\" data-elementor-id=\"3\" class=\"elementor elementor-3\" data-elementor-post-type=\"page\">\n\t\t\t\t<div class=\"elementor-element elementor-element-0fdd42c e-flex e-con-boxed e-con e-parent\" data-id=\"0fdd42c\" data-element_type=\"container\" data-e-type=\"container\" data-settings=\"{&quot;background_background&quot;:&quot;classic&quot;}\">\n\t\t\t\t\t<div class=\"e-con-inner\">\n\t\t\t\t<div class=\"elementor-element elementor-element-6938aae elementor-widget elementor-widget-heading\" data-id=\"6938aae\" data-element_type=\"widget\" data-e-type=\"widget\" data-widget_type=\"heading.default\">\n\t\t\t\t<div class=\"elementor-widget-container\">\n\t\t\t\t\t<h4 class=\"elementor-heading-title elementor-size-default\">politique de confidentialit\u00e9<\/h4>\t\t\t\t<\/div>\n\t\t\t\t<\/div>\n\t\t\t\t\t<\/div>\n\t\t\t\t<\/div>\n\t\t<div class=\"elementor-element elementor-element-839501e e-flex e-con-boxed e-con e-parent\" data-id=\"839501e\" data-element_type=\"container\" data-e-type=\"container\">\n\t\t\t\t\t<div class=\"e-con-inner\">\n\t\t\t\t<div class=\"elementor-element elementor-element-7e78e83 elementor-widget elementor-widget-text-editor\" data-id=\"7e78e83\" data-element_type=\"widget\" data-e-type=\"widget\" data-widget_type=\"text-editor.default\">\n\t\t\t\t<div class=\"elementor-widget-container\">\n\t\t\t\t\t\t\t\t\t<div>\n<p style=\"text-align: justify;\">Chauffage Technique s&rsquo;engage \u00e0 ce que la collecte et le traitement de vos donn\u00e9es, effectu\u00e9s \u00e0 partir du site chauffage-technique.fr, soient conformes au r\u00e8glement g\u00e9n\u00e9ral sur la protection des donn\u00e9es (RGPD) et \u00e0 la loi Informatique et Libert\u00e9s.<\/p>\n<p style=\"text-align: justify;\"><strong>D\u00e9l\u00e9gu\u00e9(e) \u00e0 la protection des donn\u00e9es personnelles :<\/strong> <br \/>Conform\u00e9ment \u00e0 cette nouvelle r\u00e9glementation, un d\u00e9l\u00e9gu\u00e9 \u00e0 la protection des donn\u00e9es a \u00e9t\u00e9 d\u00e9sign\u00e9.\u00a0<br \/>Chauffage Technique &#8211; Groupe AMS &#8211; Johnny Vilain<br \/>1220 Chemin des Novettes &#8211; 24230 Saint-Antoine-de-Breuilh<br \/>contact@isol-technique.fr<br \/>Vous pouvez le ou la saisir par courrier, courrier \u00e9lectronique ou par le biais de notre formulaire.<\/p>\n<div style=\"text-align: justify;\">\n<p><strong>\u00a0<\/strong><\/p>\n<p><strong>POLITIQUE DE CONFIDENTIALIT\u00c9 DES DONN\u00c9ES PERSONNELLES<br \/><\/strong><\/p>\n<p>Dans le cadre de la mise en application du nouveau R\u00e8glement sur la Protection des Donn\u00e9es Personnelles (RGPD) \u00e0 partir du 25 mai 2018, Chauffage Technique souhaite pr\u00e9senter en toute transparence sa politique de confidentialit\u00e9 des donn\u00e9es personnelles.<\/p>\n<p><strong>Notre engagement sur la confidentialit\u00e9<\/strong><br \/>Nous mettons tout en \u0153uvre pour prot\u00e9ger au mieux vos donn\u00e9es, et nous engageons \u00e0 en assurer le meilleur niveau de s\u00e9curit\u00e9 et de confidentialit\u00e9, en conformit\u00e9 avec la r\u00e8glementation fran\u00e7aise et europ\u00e9enne applicable (R\u00e8glement 2016\/679\/UE et Loi n\u00b078-17 du 6 janvier 1978).<\/p>\n<p>Nous pr\u00e9sentons dans ce document notre politique relative \u00e0 l\u2019information, au recueil, au traitement de vos donn\u00e9es personnelles et les modalit\u00e9s d\u2019acc\u00e8s, de modification, de suppression et de portabilit\u00e9 de vos donn\u00e9es.<\/p>\n<p><strong>Les informations que nous collectons et les m\u00e9thodes de collectes utilis\u00e9es<\/strong><br \/>D\u2019une fa\u00e7on g\u00e9n\u00e9rale, vous pouvez visiter le site de Chauffage Technique sans vous identifier, ni r\u00e9v\u00e9ler des informations personnelles. Toutefois, certaines circonstances peuvent amener Chauffage Technique \u00e0 vous demander des renseignements (sur ce site internet).<\/p>\n<p>Les informations personnelles comme vos nom, num\u00e9ro de t\u00e9l\u00e9phone, email, etc\u2026 ne sont retenues que lorsque vous nous les soumettez volontairement ou dans le cadre d\u2019une relation contractuelle (pass\u00e9e, en cours, ou \u00e0 venir). Nous recueillons ces informations de plusieurs fa\u00e7ons :<br \/>\u2013\u00a0\u00a0 Lors d\u2019une demande de prise de contact ou d\u2019une demande d\u2019information (formulaire de contact en ligne)<br \/>\u2013\u00a0\u00a0 Dans le cadre d\u2019un processus de recrutement en ligne (formulaire de contact)<br \/>\u2013\u00a0 Via l\u2019utilisation d\u2019un service de r\u00e9seau social (Page Entreprise Facebook et autres \u00e9ventuels \u00e0 venir).<\/p>\n<p><strong>Traitement des donn\u00e9es personnelles<\/strong><\/p>\n<p>Les donn\u00e9es personnelles r\u00e9colt\u00e9es sur ce site le sont dans le cadre d&rsquo;une demande, d&rsquo;un contrat en cours ou \u00e0 venir, \u00e0 des fins d\u2019enrichissement de contenus, d\u2019analyse statistique.<br \/>Ces donn\u00e9es sont obligatoires dans le cadre d&rsquo;une d\u00e9marche contractuelle en cours ou \u00e0 venir.<\/p>\n<p>Ces donn\u00e9es sont r\u00e9colt\u00e9es avec votre consentement explicite. Vous pouvez \u00e0 tout moment retirer ce consentement soit par le biais des outils mis \u00e0 votre disposition en ligne (gestion des cookies), soit par saisie des services responsables du traitement de vos donn\u00e9es. Vous pouvez \u00e9galement saisir \u00e0 cette fin le d\u00e9l\u00e9gu\u00e9 \u00e0 la protection des donn\u00e9es.<\/p>\n<p>Aucun transfert ou cession de vos donn\u00e9es \u00e0 des tiers n\u2019a lieu. Elles sont recueillies uniquement pour l&rsquo;utilisation d\u00e9finie pr\u00e9c\u00e9demment et vos donn\u00e9es sont conserv\u00e9es jusqu&rsquo;\u00e0 votre demande (rectification, limitation, suppression,&#8230; via une demande avec le <span style=\"color: #790d0d;\"><a style=\"color: #790d0d;\" href=\"https:\/\/chauffage-technique.fr\/wp-content\/uploads\/2024\/07\/ChauffageTechnique-FormulaireDonneesPersonnelles.pdf\" target=\"_blank\" rel=\"noopener\">formulaire en lien<\/a><\/span>).<\/p>\n<p>Pour nous assurer de votre identit\u00e9 lors d\u2019une demande de consultation, de modification, de portabilit\u00e9 ou de suppression de vos donn\u00e9es, merci de joindre une copie de votre pi\u00e8ce d\u2019identit\u00e9 \u00e0 votre demande. Nous ne serons pas en mesure de supprimer des donn\u00e9es personnelles sans nous assurer de l\u2019identit\u00e9 du demandeur qui demande la suppression de ses donn\u00e9es. \u00c0 l\u2019issue de la mise en \u0153uvre de votre demande par notre entreprise, la copie de votre carte d\u2019identit\u00e9 sera d\u00e9truite et aucun retour de celle-ci ne pourra \u00eatre fait.<\/p>\n<p>Nous vous informons que vous avez \u00e9galement la possibilit\u00e9 d\u2019introduire une r\u00e9clamation aupr\u00e8s de la CNIL.<\/p>\n<p>Les donn\u00e9es personnelles recueillies dans le cadre des services propos\u00e9s sur chauffage-technique.fr sont trait\u00e9es selon des protocoles s\u00e9curis\u00e9s.<\/p>\n<p>Le stockage de ces donn\u00e9es est, par ailleurs, limit\u00e9 dans le temps et soumis \u00e0 une demande de suppression de votre part. \u00c0 l\u2019issue de cette demande, vos donn\u00e9es personnelles sont supprim\u00e9es. Dans le cas d\u2019une inscription \u00e0 un service en ligne, une demande de renouvellement de consentement vous est adress\u00e9e.<\/p>\n<p>Chaque formulaire ou t\u00e9l\u00e9service limite la collecte des donn\u00e9es personnelles au strict n\u00e9cessaire (minimisation des donn\u00e9es).<\/p>\n<p><strong>Comment utilisons-nous vos informations (Finalit\u00e9s)<\/strong><br \/>Chauffage Technique peut utiliser vos donn\u00e9es personnelles pour :<br \/>\u2013\u00a0\u00a0 \u00a0Vos demandes d\u2019informations, vos demandes de prestations,\u2026<br \/>\u2013\u00a0\u00a0 \u00a0Vous rendre le site web plus facile \u00e0 utiliser<br \/>\u2013\u00a0\u00a0 \u00a0Nous aider \u00e0 personnaliser le contenu et le rendre plus proche de vos int\u00e9r\u00eats<br \/>\u2013\u00a0\u00a0 \u00a0Vous informer des actualit\u00e9s de Chauffage Technique <\/p>\n<p><strong>Combien de temps gardons-nous vos donn\u00e9es<\/strong><br \/>Nous d\u00e9finissons une dur\u00e9e de conservation de vos donn\u00e9es en fonction des objectifs de chaque traitement, et des \u00e9ventuelles obligations l\u00e9gales s\u2019y rapportant et aux finalit\u00e9s de notre activit\u00e9 (sous-traitant\u2026). Si vous souhaitez conna\u00eetre la dur\u00e9e de conservation des donn\u00e9es vous concernant, vous pouvez en faire la demande aupr\u00e8s de l\u2019ETT.<\/p>\n<p><strong>Comment demander l\u2019acc\u00e8s, la rectification, la portabilit\u00e9 ou la suppression de vos donn\u00e9es<\/strong><br \/>Nous fournissons des liens de d\u00e9sinscription dans tous les mails faisant partie d\u2019une campagne de communication group\u00e9e. Vous pouvez \u00e9galement faire une demande d\u2019acc\u00e8s, de modification, de portabilit\u00e9 ou de suppression de vos donn\u00e9es personnelles par courrier avec accus\u00e9 de r\u00e9ception en joignant \u00e0 votre envoi le \u00ab Formulaire d\u2019acc\u00e8s aux droits des personnes concern\u00e9es \u00bb disponible en cliquant sur le lien en bas de la page. Vous pouvez donc, \u00e0 tout moment, conna\u00eetre les donn\u00e9es personnelles d\u00e9tenues par Chauffage Technique, les modifier, les transf\u00e9rer ou les supprimer.<\/p>\n<p><strong>Adresse postale d\u2019envoi d\u2019une demande d\u2019acc\u00e8s aux donn\u00e9es personnelles :<\/strong><br \/>Chauffage Technique <br \/>Service de protection des donn\u00e9es personnelles (RGPD)<br \/><span aria-label=\"Appeler le 05 53 03 05 08\">1220 chemin des Novettes<br \/>24230 Saint-Antoine-de-Breuilh<\/span><\/p>\n<p>Pour nous assurer de votre identit\u00e9 lors d\u2019une demande de consultation, de modification, de portabilit\u00e9 ou de suppression de vos donn\u00e9es, merci de joindre une copie de votre pi\u00e8ce d\u2019identit\u00e9 \u00e0 votre demande. Nous ne serons pas en mesure de supprimer des donn\u00e9es personnelles sans nous assurer de l\u2019identit\u00e9 du demandeur qui demande la suppression de ses donn\u00e9es. \u00c0 l\u2019issue de la mise en \u0153uvre de votre demande par notre entreprise, la copie de votre carte d\u2019identit\u00e9 sera d\u00e9truite et aucun retour de celle-ci ne pourra \u00eatre fait.<\/p>\n<p>Nous vous informons que vous avez \u00e9galement la possibilit\u00e9 d\u2019introduire une r\u00e9clamation aupr\u00e8s de la CNIL.<\/p>\n<p><strong>Liens externes<\/strong><br \/>Des liens vers d\u2019autres sites web sont disponibles depuis le site de Chauffage Technique afin de vous proposer l\u2019information la plus compl\u00e8te possible. Si vous utilisez ces liens, vous quittez le site de Chauffage Technique. Nous n\u2019avons pas contr\u00f4l\u00e9 ces sites et nous ne les contr\u00f4lerons pas, ces sites n\u2019\u00e9tant pas sous notre responsabilit\u00e9.<br \/>Chauffage Technique n&rsquo;est, en aucun cas, responsables des contenus et\/ou de la politique de confidentialit\u00e9 des donn\u00e9es personnelles de ces autres sites.<br \/>Chauffage Technique ne cautionne ni n\u2019approuve les contenus auxquels ces sites ou sources donnent acc\u00e8s et exclut toute responsabilit\u00e9 en ce qui concerne ces contenus. Si vous d\u00e9cidez d\u2019acc\u00e9der \u00e0 ces sites, vous le faites sous votre enti\u00e8re responsabilit\u00e9.<\/p>\n<p><strong>Votre accord sur ces conditions<\/strong><br \/>En utilisant le site web de Chauffage Technique, vous signifiez votre accord \u00e0 cette politique de confidentialit\u00e9.<\/p>\n<p><strong>Comment nous contacter<\/strong><br \/>Chauffage Technique<br \/>Service de protection des donn\u00e9es personnelles (RGPD)<br \/>1220 chemin des Novettes<br \/>24230 Saint-Antoine-de-Breuilh<\/p>\n<\/div>\n<p style=\"text-align: justify;\"><span style=\"color: #790d0d;\"><a style=\"color: #790d0d;\" href=\"https:\/\/chauffage-technique.fr\/wp-content\/uploads\/2024\/07\/ChauffageTechnique-FormulaireDonneesPersonnelles.pdf\" target=\"_blank\" rel=\"noopener\">Formulaire de donn\u00e9es personnelles<\/a><\/span><\/p>\n<\/div>\n<p style=\"text-align: justify;\"><strong>\u00a0<\/strong><\/p>\n<p style=\"text-align: justify;\"><strong>Autres technologies<\/strong><br \/>Nous pouvons utiliser d\u2019autres technologies pour collecter des donn\u00e9es sp\u00e9cifiques, telles que les pages que vous consultez, les \u00e9l\u00e9ments que vous t\u00e9l\u00e9chargez, les liens sur lesquels vous cliquez, le type de messagerie, le type de mat\u00e9riel utilis\u00e9 (PC, Mac, Smartphone,\u2026) et vos dur\u00e9es de connexion afin de nous aider \u00e0 comprendre comment vous utilisez notre site.<\/p>\n<p style=\"text-align: justify;\"><strong>\u00c0 propos de cette politique en mati\u00e8re de cookies<\/strong><\/p>\n<p style=\"text-align: justify;\">La pr\u00e9sente politique en mati\u00e8re de cookies explique ce que sont les cookies et comment nous les utilisons, les types de cookies que nous utilisons, c&rsquo;est-\u00e0-dire les informations que nous recueillons \u00e0 l&rsquo;aide des cookies et comment ces informations sont utilis\u00e9es, et comment contr\u00f4ler les pr\u00e9f\u00e9rences en mati\u00e8re de cookies.<br \/>Vous pouvez \u00e0 tout moment modifier ou retirer votre consentement \u00e0 la d\u00e9claration sur les cookies sur notre site web.<br \/>Votre consentement s&rsquo;applique aux domaines suivants : chauffage-technique.fr<\/p>\n<p style=\"text-align: justify;\"><strong>Que sont les cookies ?<br \/><\/strong><\/p>\n<p style=\"text-align: justify;\">Les cookies sont de petits fichiers texte qui sont utilis\u00e9s pour stocker de petits \u00e9l\u00e9ments d&rsquo;information. Ils sont stock\u00e9s sur votre appareil lorsque le site web est charg\u00e9 sur votre navigateur. Ces cookies nous aident \u00e0 faire fonctionner le site web correctement, \u00e0 le rendre plus s\u00fbr, \u00e0 fournir une meilleure exp\u00e9rience utilisateur et \u00e0 comprendre comment le site web fonctionne et \u00e0 analyser ce qui fonctionne et ce qui doit \u00eatre am\u00e9lior\u00e9.<\/p>\n<p style=\"text-align: justify;\"><strong>Comment utilisons-nous les cookies ?<br \/><\/strong><\/p>\n<p style=\"text-align: justify;\">Comme la plupart des services en ligne, notre site web utilise des cookies de premi\u00e8re partie et de tierce partie \u00e0 plusieurs fins. Les cookies de premi\u00e8re partie sont principalement n\u00e9cessaires au bon fonctionnement du site web et ne collectent aucune de vos donn\u00e9es personnelles identifiables.<\/p>\n<p style=\"text-align: justify;\">Les cookies tiers utilis\u00e9s sur notre site web servent principalement \u00e0 comprendre comment le site web fonctionne, comment vous interagissez avec notre site web, \u00e0 assurer la s\u00e9curit\u00e9 de nos services, \u00e0 fournir des publicit\u00e9s qui vous sont pertinentes et, dans l&rsquo;ensemble, \u00e0 vous offrir une exp\u00e9rience utilisateur meilleure et am\u00e9lior\u00e9e et \u00e0 acc\u00e9l\u00e9rer vos interactions futures avec notre site web.<\/p>\n<p style=\"text-align: justify;\"><strong>Quels types de cookies utilisons-nous ? <\/strong><\/p>\n<p style=\"text-align: justify;\">\u2022 Formulaire de contact : Traitement de votre demande et suppression \u00e0 votre demande<\/p>\n<p style=\"text-align: justify;\">\u2022 Cookie Slimstat &#8211; Consentement explicite r\u00e9tractable \u00e0 tout moment par l\u2019utilisateur (Analytique)<\/p>\n<p style=\"text-align: justify;\">\u2022 Cookie de partage sur les r\u00e9seaux sociaux &#8211; Consentement explicite r\u00e9tractable \u00e0 tout moment par l\u2019utilisateur &#8211; Cookie tiers g\u00e9r\u00e9s par les services qui les d\u00e9posent<\/p>\n<p style=\"text-align: justify;\"><strong>Comment puis-je contr\u00f4ler les pr\u00e9f\u00e9rences en mati\u00e8re de cookies ?<br \/><\/strong><\/p>\n<p style=\"text-align: justify;\">Si vous d\u00e9cidez de modifier vos pr\u00e9f\u00e9rences au cours de votre session de navigation, vous pouvez cliquer sur l&rsquo;onglet \u00ab\u00a0Politique en mati\u00e8re de confidentialit\u00e9 et de cookies\u00a0\u00bb sur votre \u00e9cran. L&rsquo;avis de consentement s&rsquo;affichera \u00e0 nouveau, ce qui vous permettra de modifier vos pr\u00e9f\u00e9rences ou de retirer enti\u00e8rement votre consentement.<\/p>\n<p style=\"text-align: justify;\">En outre, les diff\u00e9rents navigateurs offrent diff\u00e9rentes m\u00e9thodes pour bloquer et supprimer les cookies utilis\u00e9s par les sites web. Vous pouvez modifier les param\u00e8tres de votre navigateur pour bloquer\/supprimer les cookies.<\/p>\t\t\t\t\t\t\t\t<\/div>\n\t\t\t\t<\/div>\n\t\t\t\t\t<\/div>\n\t\t\t\t<\/div>\n\t\t\t\t<\/div>\n\t\t","protected":false},"excerpt":{"rendered":"<p>politique de confidentialit\u00e9 Chauffage Technique s&rsquo;engage \u00e0 ce que la collecte et le traitement de vos donn\u00e9es, effectu\u00e9s \u00e0 partir du site chauffage-technique.fr, soient conformes au r\u00e8glement g\u00e9n\u00e9ral sur la protection des donn\u00e9es (RGPD) et \u00e0 la loi Informatique et Libert\u00e9s. D\u00e9l\u00e9gu\u00e9(e) \u00e0 la protection des donn\u00e9es personnelles : Conform\u00e9ment \u00e0 cette nouvelle r\u00e9glementation, un&hellip;<\/p>\n","protected":false},"author":1,"featured_media":0,"parent":0,"menu_order":0,"comment_status":"closed","ping_status":"open","template":"elementor_header_footer","meta":{"inline_featured_image":false,"footnotes":""},"class_list":["post-3","page","type-page","status-publish","hentry"],"yoast_head":"<!-- This site is optimized with the Yoast SEO plugin v27.1.1 - https:\/\/yoast.com\/product\/yoast-seo-wordpress\/ -->\n<title>Politique de confidentialit\u00e9 - Chauffage Technique<\/title>\n<meta name=\"robots\" content=\"index, follow, max-snippet:-1, max-image-preview:large, max-video-preview:-1\" \/>\n<link rel=\"canonical\" href=\"https:\/\/chauffage-technique.fr\/index.php\/politique-de-confidentialite\/\" \/>\n<meta property=\"og:locale\" content=\"fr_FR\" \/>\n<meta property=\"og:type\" content=\"article\" \/>\n<meta property=\"og:title\" content=\"Politique de confidentialit\u00e9 - Chauffage Technique\" \/>\n<meta property=\"og:description\" content=\"politique de confidentialit\u00e9 Chauffage Technique s&rsquo;engage \u00e0 ce que la collecte et le traitement de vos donn\u00e9es, effectu\u00e9s \u00e0 partir du site chauffage-technique.fr, soient conformes au r\u00e8glement g\u00e9n\u00e9ral sur la protection des donn\u00e9es (RGPD) et \u00e0 la loi Informatique et Libert\u00e9s. D\u00e9l\u00e9gu\u00e9(e) \u00e0 la protection des donn\u00e9es personnelles : Conform\u00e9ment \u00e0 cette nouvelle r\u00e9glementation, un&hellip;\" \/>\n<meta property=\"og:url\" content=\"https:\/\/chauffage-technique.fr\/index.php\/politique-de-confidentialite\/\" \/>\n<meta property=\"og:site_name\" content=\"Chauffage Technique\" \/>\n<meta property=\"article:modified_time\" content=\"2024-07-04T12:44:37+00:00\" \/>\n<meta name=\"twitter:card\" content=\"summary_large_image\" \/>\n<meta name=\"twitter:label1\" content=\"Dur\u00e9e de lecture estim\u00e9e\" \/>\n\t<meta name=\"twitter:data1\" content=\"9 minutes\" \/>\n<script type=\"application\/ld+json\" class=\"yoast-schema-graph\">{\"@context\":\"https:\/\/schema.org\",\"@graph\":[{\"@type\":\"WebPage\",\"@id\":\"https:\/\/chauffage-technique.fr\/index.php\/politique-de-confidentialite\/\",\"url\":\"https:\/\/chauffage-technique.fr\/index.php\/politique-de-confidentialite\/\",\"name\":\"Politique de confidentialit\u00e9 - Chauffage Technique\",\"isPartOf\":{\"@id\":\"https:\/\/chauffage-technique.fr\/#website\"},\"datePublished\":\"2024-06-22T11:01:38+00:00\",\"dateModified\":\"2024-07-04T12:44:37+00:00\",\"breadcrumb\":{\"@id\":\"https:\/\/chauffage-technique.fr\/index.php\/politique-de-confidentialite\/#breadcrumb\"},\"inLanguage\":\"fr-FR\",\"potentialAction\":[{\"@type\":\"ReadAction\",\"target\":[\"https:\/\/chauffage-technique.fr\/index.php\/politique-de-confidentialite\/\"]}]},{\"@type\":\"BreadcrumbList\",\"@id\":\"https:\/\/chauffage-technique.fr\/index.php\/politique-de-confidentialite\/#breadcrumb\",\"itemListElement\":[{\"@type\":\"ListItem\",\"position\":1,\"name\":\"Accueil\",\"item\":\"https:\/\/chauffage-technique.fr\/\"},{\"@type\":\"ListItem\",\"position\":2,\"name\":\"Politique de confidentialit\u00e9\"}]},{\"@type\":\"WebSite\",\"@id\":\"https:\/\/chauffage-technique.fr\/#website\",\"url\":\"https:\/\/chauffage-technique.fr\/\",\"name\":\"Chauffage Technique\",\"description\":\"Chauffage, climatisation &amp; ventilation en Dordogne\",\"publisher\":{\"@id\":\"https:\/\/chauffage-technique.fr\/#organization\"},\"potentialAction\":[{\"@type\":\"SearchAction\",\"target\":{\"@type\":\"EntryPoint\",\"urlTemplate\":\"https:\/\/chauffage-technique.fr\/?s={search_term_string}\"},\"query-input\":{\"@type\":\"PropertyValueSpecification\",\"valueRequired\":true,\"valueName\":\"search_term_string\"}}],\"inLanguage\":\"fr-FR\"},{\"@type\":\"Organization\",\"@id\":\"https:\/\/chauffage-technique.fr\/#organization\",\"name\":\"Chauffage Technique\",\"url\":\"https:\/\/chauffage-technique.fr\/\",\"logo\":{\"@type\":\"ImageObject\",\"inLanguage\":\"fr-FR\",\"@id\":\"https:\/\/chauffage-technique.fr\/#\/schema\/logo\/image\/\",\"url\":\"https:\/\/chauffage-technique.fr\/wp-content\/uploads\/2024\/07\/Chauffage-Technique-Dordogne-Logo.svg\",\"contentUrl\":\"https:\/\/chauffage-technique.fr\/wp-content\/uploads\/2024\/07\/Chauffage-Technique-Dordogne-Logo.svg\",\"width\":300,\"height\":114,\"caption\":\"Chauffage Technique\"},\"image\":{\"@id\":\"https:\/\/chauffage-technique.fr\/#\/schema\/logo\/image\/\"}}]}<\/script>\n<!-- \/ Yoast SEO plugin. -->","yoast_head_json":{"title":"Politique de confidentialit\u00e9 - Chauffage Technique","robots":{"index":"index","follow":"follow","max-snippet":"max-snippet:-1","max-image-preview":"max-image-preview:large","max-video-preview":"max-video-preview:-1"},"canonical":"https:\/\/chauffage-technique.fr\/index.php\/politique-de-confidentialite\/","og_locale":"fr_FR","og_type":"article","og_title":"Politique de confidentialit\u00e9 - Chauffage Technique","og_description":"politique de confidentialit\u00e9 Chauffage Technique s&rsquo;engage \u00e0 ce que la collecte et le traitement de vos donn\u00e9es, effectu\u00e9s \u00e0 partir du site chauffage-technique.fr, soient conformes au r\u00e8glement g\u00e9n\u00e9ral sur la protection des donn\u00e9es (RGPD) et \u00e0 la loi Informatique et Libert\u00e9s. D\u00e9l\u00e9gu\u00e9(e) \u00e0 la protection des donn\u00e9es personnelles : Conform\u00e9ment \u00e0 cette nouvelle r\u00e9glementation, un&hellip;","og_url":"https:\/\/chauffage-technique.fr\/index.php\/politique-de-confidentialite\/","og_site_name":"Chauffage Technique","article_modified_time":"2024-07-04T12:44:37+00:00","twitter_card":"summary_large_image","twitter_misc":{"Dur\u00e9e de lecture estim\u00e9e":"9 minutes"},"schema":{"@context":"https:\/\/schema.org","@graph":[{"@type":"WebPage","@id":"https:\/\/chauffage-technique.fr\/index.php\/politique-de-confidentialite\/","url":"https:\/\/chauffage-technique.fr\/index.php\/politique-de-confidentialite\/","name":"Politique de confidentialit\u00e9 - Chauffage Technique","isPartOf":{"@id":"https:\/\/chauffage-technique.fr\/#website"},"datePublished":"2024-06-22T11:01:38+00:00","dateModified":"2024-07-04T12:44:37+00:00","breadcrumb":{"@id":"https:\/\/chauffage-technique.fr\/index.php\/politique-de-confidentialite\/#breadcrumb"},"inLanguage":"fr-FR","potentialAction":[{"@type":"ReadAction","target":["https:\/\/chauffage-technique.fr\/index.php\/politique-de-confidentialite\/"]}]},{"@type":"BreadcrumbList","@id":"https:\/\/chauffage-technique.fr\/index.php\/politique-de-confidentialite\/#breadcrumb","itemListElement":[{"@type":"ListItem","position":1,"name":"Accueil","item":"https:\/\/chauffage-technique.fr\/"},{"@type":"ListItem","position":2,"name":"Politique de confidentialit\u00e9"}]},{"@type":"WebSite","@id":"https:\/\/chauffage-technique.fr\/#website","url":"https:\/\/chauffage-technique.fr\/","name":"Chauffage Technique","description":"Chauffage, climatisation &amp; ventilation en Dordogne","publisher":{"@id":"https:\/\/chauffage-technique.fr\/#organization"},"potentialAction":[{"@type":"SearchAction","target":{"@type":"EntryPoint","urlTemplate":"https:\/\/chauffage-technique.fr\/?s={search_term_string}"},"query-input":{"@type":"PropertyValueSpecification","valueRequired":true,"valueName":"search_term_string"}}],"inLanguage":"fr-FR"},{"@type":"Organization","@id":"https:\/\/chauffage-technique.fr\/#organization","name":"Chauffage Technique","url":"https:\/\/chauffage-technique.fr\/","logo":{"@type":"ImageObject","inLanguage":"fr-FR","@id":"https:\/\/chauffage-technique.fr\/#\/schema\/logo\/image\/","url":"https:\/\/chauffage-technique.fr\/wp-content\/uploads\/2024\/07\/Chauffage-Technique-Dordogne-Logo.svg","contentUrl":"https:\/\/chauffage-technique.fr\/wp-content\/uploads\/2024\/07\/Chauffage-Technique-Dordogne-Logo.svg","width":300,"height":114,"caption":"Chauffage Technique"},"image":{"@id":"https:\/\/chauffage-technique.fr\/#\/schema\/logo\/image\/"}}]}},"_links":{"self":[{"href":"https:\/\/chauffage-technique.fr\/index.php\/wp-json\/wp\/v2\/pages\/3","targetHints":{"allow":["GET"]}}],"collection":[{"href":"https:\/\/chauffage-technique.fr\/index.php\/wp-json\/wp\/v2\/pages"}],"about":[{"href":"https:\/\/chauffage-technique.fr\/index.php\/wp-json\/wp\/v2\/types\/page"}],"author":[{"embeddable":true,"href":"https:\/\/chauffage-technique.fr\/index.php\/wp-json\/wp\/v2\/users\/1"}],"replies":[{"embeddable":true,"href":"https:\/\/chauffage-technique.fr\/index.php\/wp-json\/wp\/v2\/comments?post=3"}],"version-history":[{"count":10,"href":"https:\/\/chauffage-technique.fr\/index.php\/wp-json\/wp\/v2\/pages\/3\/revisions"}],"predecessor-version":[{"id":447,"href":"https:\/\/chauffage-technique.fr\/index.php\/wp-json\/wp\/v2\/pages\/3\/revisions\/447"}],"wp:attachment":[{"href":"https:\/\/chauffage-technique.fr\/index.php\/wp-json\/wp\/v2\/media?parent=3"}],"curies":[{"name":"wp","href":"https:\/\/api.w.org\/{rel}","templated":true}]}}